{"id":134,"date":"2023-05-02T09:58:41","date_gmt":"2023-05-02T09:58:41","guid":{"rendered":"https:\/\/jarjestovarikko.fi\/?page_id=134"},"modified":"2026-04-14T07:19:23","modified_gmt":"2026-04-14T07:19:23","slug":"jarjestovarikko","status":"publish","type":"page","link":"https:\/\/jarjestovarikko.fi\/","title":{"rendered":"Etusivu"},"content":{"rendered":"\n<h2 class=\"wp-block-heading\"><sup>Tervetuloa J\u00e4rjest\u00f6varikkoon!<\/sup><\/h2>\n\n\n\n<p>J\u00e4rjest\u00f6varikko auttaa sinua l\u00f6yt\u00e4m\u00e4\u00e4n  kolmannen sektorin toimintaa ja tukipalveluja sek\u00e4 selvitt\u00e4m\u00e4\u00e4n harrastusmahdollisuuksia. Kolmannen sektorin toimijat (j\u00e4rjest\u00f6t, yhdistykset, seurakunta, seurat jne.) tarjoavat esimerkiksi vertaistukea, keskusteluapua, vanhemmuuteen liittyv\u00e4\u00e4 tukea tai harrastustoimintaa.<\/p>\n\n\n<div class=\"wp-block-image\">\n<figure class=\"aligncenter size-large is-resized\"><img loading=\"lazy\" decoding=\"async\" width=\"1024\" height=\"1024\" src=\"https:\/\/jarjestovarikko.fi\/wp-content\/uploads\/2023\/05\/Jarjestovarikko_vinjetti-8-1024x1024.png\" alt=\"\" class=\"wp-image-187\" style=\"width:183px;height:183px\" srcset=\"https:\/\/jarjestovarikko.fi\/wp-content\/uploads\/2023\/05\/Jarjestovarikko_vinjetti-8-1024x1024.png 1024w, https:\/\/jarjestovarikko.fi\/wp-content\/uploads\/2023\/05\/Jarjestovarikko_vinjetti-8-300x300.png 300w, https:\/\/jarjestovarikko.fi\/wp-content\/uploads\/2023\/05\/Jarjestovarikko_vinjetti-8-150x150.png 150w, https:\/\/jarjestovarikko.fi\/wp-content\/uploads\/2023\/05\/Jarjestovarikko_vinjetti-8-768x768.png 768w, https:\/\/jarjestovarikko.fi\/wp-content\/uploads\/2023\/05\/Jarjestovarikko_vinjetti-8-1536x1536.png 1536w, https:\/\/jarjestovarikko.fi\/wp-content\/uploads\/2023\/05\/Jarjestovarikko_vinjetti-8-2048x2048.png 2048w, https:\/\/jarjestovarikko.fi\/wp-content\/uploads\/2023\/05\/Jarjestovarikko_vinjetti-8-1568x1568.png 1568w\" sizes=\"auto, (max-width: 1024px) 100vw, 1024px\" \/><\/figure>\n<\/div>\n\n\n<p>Auta Lasta ry:n J\u00e4rjest\u00f6varikko -hanke toteutetaan STEAn rahoittamana Oulun alueella 4\/2023\u20137\/2026. Hankkeen tavoitteena on tuoda kolmannen sektorin tuki oikea-aikaisesti perheiden k\u00e4ytt\u00f6\u00f6n. J\u00e4rjest\u00f6varikon avulla perheet tavoittavat kolmannen sektorin tuen niin, ettei heid\u00e4n tarvitse itse etsi\u00e4 toimijoita. Perheet voivat ottaa yhteytt\u00e4 J\u00e4rjest\u00f6varikon ty\u00f6ntekij\u00f6ihin tai ty\u00f6ntekij\u00e4 voi osallistua viranomaisen j\u00e4rjest\u00e4m\u00e4\u00e4n neuvonpitoon huoltajien suostumuksella.<\/p>\n\n\n\n<div class=\"wp-block-columns is-layout-flex wp-container-core-columns-is-layout-9d6595d7 wp-block-columns-is-layout-flex\">\n<div class=\"wp-block-column is-layout-flow wp-block-column-is-layout-flow\"><p class=\"fonts-plugin-block \" style=\"text-align: center\"><strong>AJANKOHTAISTA<\/strong><\/p><\/div>\n<\/div>\n\n\n\n<div class=\"wp-block-columns is-layout-flex wp-container-core-columns-is-layout-9d6595d7 wp-block-columns-is-layout-flex\">\n<div class=\"wp-block-column is-layout-flow wp-block-column-is-layout-flow\">\n<div class=\"wp-block-media-text has-media-on-the-right is-stacked-on-mobile\"><div class=\"wp-block-media-text__content\">\n<p>Haemme<br><strong>KAHTA HANKETY\u00d6NTEKIJ\u00c4\u00c4 (2)<\/strong><\/p>\n\n\n\n<p>Euroopan sosiaalirahaston (ESR+) ja Sosiaali- ja terveysministeri\u00f6n (STEA) tuella vuosina 2026\u20132029 Oulussa ja Lakeuden kunnissa (Hailuoto, Kempele, Liminka, Lumijoki, Muhos, Tyrn\u00e4v\u00e4) toteutettavaan J\u00e4rjest\u00f6varikko 2.0.-hankkeeseen. Katso lis\u00e4tiedot <a href=\"https:\/\/tyomarkkinatori.fi\/henkiloasiakkaat\/avoimet-tyopaikat\/73ca56e6-2b78-4f44-a0ef-86d463c2de94\/fi\">t\u00e4\u00e4lt\u00e4<\/a>.<\/p>\n<\/div><figure class=\"wp-block-media-text__media\"><img loading=\"lazy\" decoding=\"async\" width=\"1024\" height=\"538\" src=\"https:\/\/jarjestovarikko.fi\/wp-content\/uploads\/2026\/04\/Rekrytoimme-lisaa-tyontekijoita-Hae-mukaan-tiimiin-ma-4.5.-mennessa-1024x538.png\" alt=\"\" class=\"wp-image-965 size-full\" srcset=\"https:\/\/jarjestovarikko.fi\/wp-content\/uploads\/2026\/04\/Rekrytoimme-lisaa-tyontekijoita-Hae-mukaan-tiimiin-ma-4.5.-mennessa-1024x538.png 1024w, https:\/\/jarjestovarikko.fi\/wp-content\/uploads\/2026\/04\/Rekrytoimme-lisaa-tyontekijoita-Hae-mukaan-tiimiin-ma-4.5.-mennessa-300x158.png 300w, https:\/\/jarjestovarikko.fi\/wp-content\/uploads\/2026\/04\/Rekrytoimme-lisaa-tyontekijoita-Hae-mukaan-tiimiin-ma-4.5.-mennessa-768x403.png 768w, https:\/\/jarjestovarikko.fi\/wp-content\/uploads\/2026\/04\/Rekrytoimme-lisaa-tyontekijoita-Hae-mukaan-tiimiin-ma-4.5.-mennessa.png 1200w\" sizes=\"auto, (max-width: 1024px) 100vw, 1024px\" \/><\/figure><\/div>\n<\/div>\n<\/div>\n\n\n\n<div class=\"wp-block-columns is-layout-flex wp-container-core-columns-is-layout-9d6595d7 wp-block-columns-is-layout-flex\">\n<div class=\"wp-block-column is-layout-flow wp-block-column-is-layout-flow\">\n<blockquote class=\"wp-block-quote is-layout-flow wp-block-quote-is-layout-flow\">\n<p> Kev\u00e4\u00e4n 2026 kerhokalenterit on julkaistu! Valmiit kalenterit l\u00f6yd\u00e4t <a href=\"https:\/\/jarjestovarikko.fi\/?page_id=14\">Perheille<\/a>-osiosta. Mukavia kerhohetki\u00e4!<\/p>\n<\/blockquote>\n<\/div>\n\n\n\n<div class=\"wp-block-column is-layout-flow wp-block-column-is-layout-flow\">\n<figure class=\"wp-block-image size-large\"><img loading=\"lazy\" decoding=\"async\" width=\"1024\" height=\"576\" src=\"https:\/\/jarjestovarikko.fi\/wp-content\/uploads\/2026\/01\/Kontinkangas-kevat26-1024x576.png\" alt=\"\" class=\"wp-image-943\" srcset=\"https:\/\/jarjestovarikko.fi\/wp-content\/uploads\/2026\/01\/Kontinkangas-kevat26-1024x576.png 1024w, https:\/\/jarjestovarikko.fi\/wp-content\/uploads\/2026\/01\/Kontinkangas-kevat26-300x169.png 300w, https:\/\/jarjestovarikko.fi\/wp-content\/uploads\/2026\/01\/Kontinkangas-kevat26-768x432.png 768w, https:\/\/jarjestovarikko.fi\/wp-content\/uploads\/2026\/01\/Kontinkangas-kevat26-1536x864.png 1536w, https:\/\/jarjestovarikko.fi\/wp-content\/uploads\/2026\/01\/Kontinkangas-kevat26-1568x882.png 1568w, https:\/\/jarjestovarikko.fi\/wp-content\/uploads\/2026\/01\/Kontinkangas-kevat26.png 1920w\" sizes=\"auto, (max-width: 1024px) 100vw, 1024px\" \/><\/figure>\n<\/div>\n<\/div>\n\n\n\n<div class=\"wp-block-media-text alignwide has-media-on-the-right is-stacked-on-mobile\"><div class=\"wp-block-media-text__content\">\n<figure class=\"wp-block-pullquote\"><blockquote><p> Jos haluat J\u00e4rjest\u00f6varikon  esitteit\u00e4 omalle ty\u00f6paikallesi jaettavaksi, laita viesti\u00e4!<\/p><\/blockquote><\/figure>\n<\/div><figure class=\"wp-block-media-text__media\"><img loading=\"lazy\" decoding=\"async\" width=\"1024\" height=\"1024\" src=\"https:\/\/jarjestovarikko.fi\/wp-content\/uploads\/2023\/07\/esitekansi-1024x1024.jpg\" alt=\"\" class=\"wp-image-649 size-full\" srcset=\"https:\/\/jarjestovarikko.fi\/wp-content\/uploads\/2023\/07\/esitekansi-1024x1024.jpg 1024w, https:\/\/jarjestovarikko.fi\/wp-content\/uploads\/2023\/07\/esitekansi-300x300.jpg 300w, https:\/\/jarjestovarikko.fi\/wp-content\/uploads\/2023\/07\/esitekansi-150x150.jpg 150w, https:\/\/jarjestovarikko.fi\/wp-content\/uploads\/2023\/07\/esitekansi-768x768.jpg 768w, https:\/\/jarjestovarikko.fi\/wp-content\/uploads\/2023\/07\/esitekansi-1536x1536.jpg 1536w, https:\/\/jarjestovarikko.fi\/wp-content\/uploads\/2023\/07\/esitekansi-1568x1568.jpg 1568w, https:\/\/jarjestovarikko.fi\/wp-content\/uploads\/2023\/07\/esitekansi.jpg 1654w\" sizes=\"auto, (max-width: 1024px) 100vw, 1024px\" \/><\/figure><\/div>\n\n\n<p><iframe loading=\"lazy\" class=\"lahella\" width=\"1200\" title=\"L\u00e4hell\u00e4.fi-sivuston haun tulokset: toimintailmoitukset\" height=\"800\" src=\"https:\/\/www.lahella.fi\/embed\/3bdd45d8-f0f3-460f-88be-823497fb3cdf\" frameborder=\"0\" style=\"border:none\"><\/iframe><\/p>\n<style>@media (max-width:639px){iframe.lahella{width:100%;}}<\/style>\n\n\n\n<div style=\"height:100px\" aria-hidden=\"true\" class=\"wp-block-spacer\"><\/div>\n\n\n\n<div class=\"wp-block-group\"><div class=\"wp-block-group__inner-container is-layout-constrained wp-block-group-is-layout-constrained\">\n<div class=\"wp-block-columns are-vertically-aligned-center is-layout-flex wp-container-core-columns-is-layout-9d6595d7 wp-block-columns-is-layout-flex\">\n<div class=\"wp-block-column is-vertically-aligned-center is-layout-flow wp-block-column-is-layout-flow\" style=\"flex-basis:100%\"><p><iframe loading=\"lazy\" class=\"lahella\" width=\"1200\" title=\"L\u00e4hell\u00e4.fi-sivuston haun tulokset: toimintailmoitukset\" height=\"800\" src=\"https:\/\/www.lahella.fi\/embed\/5d22cd18-9f84-42b8-b134-3eca9b50d4a5\" frameborder=\"0\" style=\"border:none\"><\/iframe><\/p>\n<style>@media (max-width:639px){iframe.lahella{width:100%;}}<\/style>\n<\/div>\n<\/div>\n<\/div><\/div>\n\n\n\n<ul class=\"wp-block-social-links is-style-pill-shape is-content-justification-center is-layout-flex wp-container-core-social-links-is-layout-16018d1d wp-block-social-links-is-layout-flex\"><li class=\"wp-social-link wp-social-link-facebook  wp-block-social-link\"><a href=\"https:\/\/www.facebook.com\/profile.php?id=100093214403159\" class=\"wp-block-social-link-anchor\"><svg width=\"24\" height=\"24\" viewBox=\"0 0 24 24\" version=\"1.1\" xmlns=\"http:\/\/www.w3.org\/2000\/svg\" aria-hidden=\"true\" focusable=\"false\"><path d=\"M12 2C6.5 2 2 6.5 2 12c0 5 3.7 9.1 8.4 9.9v-7H7.9V12h2.5V9.8c0-2.5 1.5-3.9 3.8-3.9 1.1 0 2.2.2 2.2.2v2.5h-1.3c-1.2 0-1.6.8-1.6 1.6V12h2.8l-.4 2.9h-2.3v7C18.3 21.1 22 17 22 12c0-5.5-4.5-10-10-10z\"><\/path><\/svg><span class=\"wp-block-social-link-label screen-reader-text\">Facebook<\/span><\/a><\/li><\/ul>\n\n\n\n<div class=\"wp-block-columns is-layout-flex wp-container-core-columns-is-layout-9d6595d7 wp-block-columns-is-layout-flex\">\n<div class=\"wp-block-column is-layout-flow wp-block-column-is-layout-flow\"><\/div>\n<\/div>\n\n\n\n<div class=\"wp-block-columns alignwide is-layout-flex wp-container-core-columns-is-layout-9d6595d7 wp-block-columns-is-layout-flex\">\n<div class=\"wp-block-column is-layout-flow wp-block-column-is-layout-flow\"><\/div>\n<\/div>\n\n\n\n<p><strong>J\u00e4rjest\u00f6varikko-hanke toteutetaan vuosina 2023-5\/2026 Sosiaali- ja terveysj\u00e4rjest\u00f6jen avustuskeskus STEAn tuella.<\/strong><\/p>\n","protected":false},"excerpt":{"rendered":"<p>Tervetuloa J\u00e4rjest\u00f6varikkoon! J\u00e4rjest\u00f6varikko auttaa sinua l\u00f6yt\u00e4m\u00e4\u00e4n kolmannen sektorin toimintaa ja tukipalveluja sek\u00e4 selvitt\u00e4m\u00e4\u00e4n harrastusmahdollisuuksia. Kolmannen sektorin toimijat (j\u00e4rjest\u00f6t, yhdistykset, seurakunta, seurat jne.) tarjoavat esimerkiksi vertaistukea, keskusteluapua, vanhemmuuteen liittyv\u00e4\u00e4 tukea tai harrastustoimintaa. Auta Lasta ry:n J\u00e4rjest\u00f6varikko -hanke toteutetaan STEAn rahoittamana Oulun alueella 4\/2023\u20137\/2026. Hankkeen tavoitteena on tuoda kolmannen sektorin tuki oikea-aikaisesti perheiden k\u00e4ytt\u00f6\u00f6n. J\u00e4rjest\u00f6varikon avulla perheet&hellip; <a class=\"more-link\" href=\"https:\/\/jarjestovarikko.fi\/\">Jatka lukemista <span class=\"screen-reader-text\">Etusivu<\/span><\/a><\/p>\n","protected":false},"author":2,"featured_media":0,"parent":0,"menu_order":0,"comment_status":"closed","ping_status":"closed","template":"","meta":{"footnotes":""},"class_list":["post-134","page","type-page","status-publish","hentry","entry"],"_links":{"self":[{"href":"https:\/\/jarjestovarikko.fi\/index.php?rest_route=\/wp\/v2\/pages\/134","targetHints":{"allow":["GET"]}}],"collection":[{"href":"https:\/\/jarjestovarikko.fi\/index.php?rest_route=\/wp\/v2\/pages"}],"about":[{"href":"https:\/\/jarjestovarikko.fi\/index.php?rest_route=\/wp\/v2\/types\/page"}],"author":[{"embeddable":true,"href":"https:\/\/jarjestovarikko.fi\/index.php?rest_route=\/wp\/v2\/users\/2"}],"replies":[{"embeddable":true,"href":"https:\/\/jarjestovarikko.fi\/index.php?rest_route=%2Fwp%2Fv2%2Fcomments&post=134"}],"version-history":[{"count":94,"href":"https:\/\/jarjestovarikko.fi\/index.php?rest_route=\/wp\/v2\/pages\/134\/revisions"}],"predecessor-version":[{"id":967,"href":"https:\/\/jarjestovarikko.fi\/index.php?rest_route=\/wp\/v2\/pages\/134\/revisions\/967"}],"wp:attachment":[{"href":"https:\/\/jarjestovarikko.fi\/index.php?rest_route=%2Fwp%2Fv2%2Fmedia&parent=134"}],"curies":[{"name":"wp","href":"https:\/\/api.w.org\/{rel}","templated":true}]}}