{"id":16,"date":"2023-04-27T08:17:14","date_gmt":"2023-04-27T08:17:14","guid":{"rendered":"https:\/\/jarjestovarikko.fi\/?page_id=16"},"modified":"2026-04-16T09:47:06","modified_gmt":"2026-04-16T09:47:06","slug":"ammattilaisille","status":"publish","type":"page","link":"https:\/\/jarjestovarikko.fi\/?page_id=16","title":{"rendered":"Ammattilaisille"},"content":{"rendered":"\n<p class=\"has-text-align-left has-base-background-color has-background\">J\u00e4rjest\u00f6varikko tarjoaa varhaiskasvatuksen, koulujen sek\u00e4 sosiaali- ja terveyspalvelujen ammattilaisille konkreettista apua etsim\u00e4\u00e4n sopivia 3. sektorin toimijoita lasten, nuorten ja perheiden tueksi. Voit olla meihin yhteydess\u00e4 perheen suostumuksella ja kutsua meid\u00e4t yhteiseen tapaamiseen miettim\u00e4\u00e4n perheelle sopivia toimintoja j\u00e4rjest\u00f6kent\u00e4lt\u00e4. Tarvittaessa saatamme perheen suoraan palveluiden piiriin.<code> &nbsp;<\/code><\/p>\n\n\n<div class=\"wp-block-image\">\n<figure class=\"aligncenter size-large is-resized\"><img loading=\"lazy\" decoding=\"async\" width=\"1024\" height=\"1024\" src=\"https:\/\/jarjestovarikko.fi\/wp-content\/uploads\/2023\/05\/Jarjestovarikko_vinjetti-14-1024x1024.png\" alt=\"\" class=\"wp-image-178\" style=\"width:109px;height:109px\" srcset=\"https:\/\/jarjestovarikko.fi\/wp-content\/uploads\/2023\/05\/Jarjestovarikko_vinjetti-14-1024x1024.png 1024w, https:\/\/jarjestovarikko.fi\/wp-content\/uploads\/2023\/05\/Jarjestovarikko_vinjetti-14-300x300.png 300w, https:\/\/jarjestovarikko.fi\/wp-content\/uploads\/2023\/05\/Jarjestovarikko_vinjetti-14-150x150.png 150w, https:\/\/jarjestovarikko.fi\/wp-content\/uploads\/2023\/05\/Jarjestovarikko_vinjetti-14-768x768.png 768w, https:\/\/jarjestovarikko.fi\/wp-content\/uploads\/2023\/05\/Jarjestovarikko_vinjetti-14-1536x1536.png 1536w, https:\/\/jarjestovarikko.fi\/wp-content\/uploads\/2023\/05\/Jarjestovarikko_vinjetti-14-2048x2048.png 2048w, https:\/\/jarjestovarikko.fi\/wp-content\/uploads\/2023\/05\/Jarjestovarikko_vinjetti-14-1568x1568.png 1568w\" sizes=\"auto, (max-width: 1024px) 100vw, 1024px\" \/><\/figure>\n<\/div>\n\n\n<p class=\"has-text-align-left has-base-background-color has-background\">Toimimme osana Oulun yhteis\u00f6vaikuttavuusmallia, jossa eri alojen toimijaverkosto ja toiminta kootaan yhteen laaja-alaisesti ja oikea-aikaisesti perheen parhaaksi. Osallistumme verkostoihin joko suoraan kutsuttuina tai  palveluohjauksen kautta j\u00e4rjestettyihin neuvonpitoihin. J\u00e4rjest\u00f6varikko tuo verkostoon kootusti 3. sektorin mahdollisuudet perheen tueksi. \u00a0<\/p>\n\n\n\n<p class=\"has-text-align-left has-base-background-color has-background\">Lue lis\u00e4\u00e4 yhteis\u00f6vaikuttavuusty\u00f6st\u00e4<\/p>\n\n\n\n<p class=\"has-text-align-left has-base-background-color has-background\"><a href=\"https:\/\/itla.fi\/toiminta\/yhteisovaikuttavuus\/ \">https:\/\/itla.fi\/toiminta\/yhteisovaikuttavuus\/ <\/a><\/p>\n\n\n<p class=\"fonts-plugin-block \"><\/p>\n\n<div class=\"wp-block-image\">\n<figure class=\"aligncenter size-large is-resized\"><img loading=\"lazy\" decoding=\"async\" width=\"1024\" height=\"1024\" src=\"https:\/\/jarjestovarikko.fi\/wp-content\/uploads\/2023\/05\/Jarjestovarikko_vinjetti-3-1024x1024.png\" alt=\"\" class=\"wp-image-182\" style=\"width:174px;height:174px\" srcset=\"https:\/\/jarjestovarikko.fi\/wp-content\/uploads\/2023\/05\/Jarjestovarikko_vinjetti-3-1024x1024.png 1024w, https:\/\/jarjestovarikko.fi\/wp-content\/uploads\/2023\/05\/Jarjestovarikko_vinjetti-3-300x300.png 300w, https:\/\/jarjestovarikko.fi\/wp-content\/uploads\/2023\/05\/Jarjestovarikko_vinjetti-3-150x150.png 150w, https:\/\/jarjestovarikko.fi\/wp-content\/uploads\/2023\/05\/Jarjestovarikko_vinjetti-3-768x768.png 768w, https:\/\/jarjestovarikko.fi\/wp-content\/uploads\/2023\/05\/Jarjestovarikko_vinjetti-3-1536x1536.png 1536w, https:\/\/jarjestovarikko.fi\/wp-content\/uploads\/2023\/05\/Jarjestovarikko_vinjetti-3-2048x2048.png 2048w, https:\/\/jarjestovarikko.fi\/wp-content\/uploads\/2023\/05\/Jarjestovarikko_vinjetti-3-1568x1568.png 1568w\" sizes=\"auto, (max-width: 1024px) 100vw, 1024px\" \/><\/figure>\n<\/div>\n\n\n<div class=\"wp-block-group\"><div class=\"wp-block-group__inner-container is-layout-constrained wp-block-group-is-layout-constrained\"><\/div><\/div>\n","protected":false},"excerpt":{"rendered":"<p>J\u00e4rjest\u00f6varikko tarjoaa varhaiskasvatuksen, koulujen sek\u00e4 sosiaali- ja terveyspalvelujen ammattilaisille konkreettista apua etsim\u00e4\u00e4n sopivia 3. sektorin toimijoita lasten, nuorten ja perheiden tueksi. Voit olla meihin yhteydess\u00e4 perheen suostumuksella ja kutsua meid\u00e4t yhteiseen tapaamiseen miettim\u00e4\u00e4n perheelle sopivia toimintoja j\u00e4rjest\u00f6kent\u00e4lt\u00e4. Tarvittaessa saatamme perheen suoraan palveluiden piiriin. &nbsp; Toimimme osana Oulun yhteis\u00f6vaikuttavuusmallia, jossa eri alojen toimijaverkosto ja toiminta kootaan&hellip; <a class=\"more-link\" href=\"https:\/\/jarjestovarikko.fi\/?page_id=16\">Jatka lukemista <span class=\"screen-reader-text\">Ammattilaisille<\/span><\/a><\/p>\n","protected":false},"author":2,"featured_media":0,"parent":0,"menu_order":0,"comment_status":"closed","ping_status":"closed","template":"","meta":{"footnotes":""},"class_list":["post-16","page","type-page","status-publish","hentry","entry"],"_links":{"self":[{"href":"https:\/\/jarjestovarikko.fi\/index.php?rest_route=\/wp\/v2\/pages\/16","targetHints":{"allow":["GET"]}}],"collection":[{"href":"https:\/\/jarjestovarikko.fi\/index.php?rest_route=\/wp\/v2\/pages"}],"about":[{"href":"https:\/\/jarjestovarikko.fi\/index.php?rest_route=\/wp\/v2\/types\/page"}],"author":[{"embeddable":true,"href":"https:\/\/jarjestovarikko.fi\/index.php?rest_route=\/wp\/v2\/users\/2"}],"replies":[{"embeddable":true,"href":"https:\/\/jarjestovarikko.fi\/index.php?rest_route=%2Fwp%2Fv2%2Fcomments&post=16"}],"version-history":[{"count":31,"href":"https:\/\/jarjestovarikko.fi\/index.php?rest_route=\/wp\/v2\/pages\/16\/revisions"}],"predecessor-version":[{"id":970,"href":"https:\/\/jarjestovarikko.fi\/index.php?rest_route=\/wp\/v2\/pages\/16\/revisions\/970"}],"wp:attachment":[{"href":"https:\/\/jarjestovarikko.fi\/index.php?rest_route=%2Fwp%2Fv2%2Fmedia&parent=16"}],"curies":[{"name":"wp","href":"https:\/\/api.w.org\/{rel}","templated":true}]}}