{"id":414,"date":"2023-05-15T07:23:12","date_gmt":"2023-05-15T07:23:12","guid":{"rendered":"https:\/\/jarjestovarikko.fi\/?page_id=414"},"modified":"2025-12-01T10:39:53","modified_gmt":"2025-12-01T10:39:53","slug":"saavutettavuusseloste","status":"publish","type":"page","link":"https:\/\/jarjestovarikko.fi\/?page_id=414","title":{"rendered":"Saavutettavuusseloste"},"content":{"rendered":"\n<h4 class=\"wp-block-heading\">Tervetuloa, t\u00e4m\u00e4 on organisaation Auta Lasta ry:n J\u00e4rjest\u00f6varikko-toiminnan saavutettavuusseloste<\/h4>\n\n\n\n<p>T\u00e4m\u00e4 saavutettavuusseloste koskee palvelua www.jarjestovarikko.fi ja on laadittu \/ p\u00e4ivitetty 01.12.2025. Palvelua koskee laki digitaalisten palvelujen tarjoamisesta, jossa edellytet\u00e4\u00e4n, ett\u00e4 julkisten verkkopalvelujen on oltava saavutettavia.<\/p>\n\n\n\n<p>Olemme arvioineet palvelun saavutettavuuden itse<\/p>\n\n\n\n<h4 class=\"wp-block-heading\">Digipalvelun saavutettavuuden tila<\/h4>\n\n\n\n<p>T\u00e4ytt\u00e4\u00e4 saavutettavuusvaatimukset osittain.<\/p>\n\n\n\n<h4 class=\"wp-block-heading\">Ei-saavutettava sis\u00e4lt\u00f6<\/h4>\n\n\n\n<h4 class=\"wp-block-heading\">4. Verkkosivusto ei ole viel\u00e4 kaikilta osin vaatimusten mukainen<\/h4>\n\n\n\n<h4 class=\"wp-block-heading\">Havaittava: Verkkosivuston rakenne<\/h4>\n\n\n\n<h5 class=\"wp-block-heading\">Saavuttamaton sis\u00e4lt\u00f6 ja sen puutteet<\/h5>\n\n\n\n<p>Rakenteen selkeydess\u00e4 ja tekstien ymm\u00e4rrett\u00e4vyydess\u00e4 voi viel\u00e4 olla puutteita. Kuvatiedostoista puuttuu vaihtoehtoiset tekstitykset.<\/p>\n\n\n\n<h5 class=\"wp-block-heading\">Saavutettavuuskriteerit, jotka eiv\u00e4t t\u00e4yty<\/h5>\n\n\n\n<ul class=\"wp-block-list\">\n<li>1.1.1 Ei-tekstuaalinen sis\u00e4lt\u00f6<\/li>\n\n\n\n<li>1.2.2 Tekstitys (tallennettu)<\/li>\n\n\n\n<li>1.2.3 Kuvailutulkkaus tai mediavastine (tallennettu)<\/li>\n\n\n\n<li>1.2.5 Kuvailutulkkaus (tallennettu)<\/li>\n\n\n\n<li>1.4.4 Tekstin koon muuttaminen<\/li>\n\n\n\n<li>1.4.13 Sis\u00e4lt\u00f6 osoitettaessa tai kohdistettaessa<\/li>\n<\/ul>\n\n\n\n<h5 class=\"wp-block-heading\">Huomasitko saavutettavuuspuutteen digipalvelussamme? Kerro se meille ja teemme parhaamme puutteen korjaamiseksi<\/h5>\n\n\n\n<h5 class=\"wp-block-heading\">S\u00e4hk\u00f6postilla<\/h5>\n\n\n\n<p>tiia.hautamaki@autalasta.fi<\/p>\n\n\n\n<h5 class=\"wp-block-heading\">Muilla tavoin<\/h5>\n\n\n\n<p>Voit olla yhteydess\u00e4 puhelimitse numeroon 044 796 7914 tai tulla paikan p\u00e4\u00e4lle toimistollemme Kumppanuuskeskukselle, Kansankatu 53, 90120 Oulu.<\/p>\n\n\n\n<h5 class=\"wp-block-heading\">Valvontaviranomainen<\/h5>\n\n\n\n<p>Jos huomaat sivustolla saavutettavuusongelmia, anna ensin palautetta meille eli sivuston yll\u00e4pit\u00e4j\u00e4lle. Vastauksessa voi menn\u00e4 14 p\u00e4iv\u00e4\u00e4. Jos et ole tyytyv\u00e4inen saamaasi vastaukseen tai et saa vastausta lainkaan kahden viikon aikana,&nbsp;<a target=\"_blank\" href=\"https:\/\/www.saavutettavuusvaatimukset.fi\/fi\/kayttajan-oikeudet\/tee-saavutettavuuskantelu-tai-pyyda-selvitysta\" rel=\"noreferrer noopener\">voit tehd\u00e4 ilmoituksen Traficomille. Avautuu uuteen ikkunaan.<\/a>&nbsp;Traficomin sivulla kerrotaan tarkasti, miten ilmoituksen voi tehd\u00e4 ja miten asia k\u00e4sitell\u00e4\u00e4n.<\/p>\n\n\n\n<h4 class=\"wp-block-heading\">Valvontaviranomaisen yhteystiedot<\/h4>\n\n\n\n<p>Liikenne- ja viestint\u00e4virasto Traficom<br>Digitaalisen esteett\u00f6myyden ja saavutettavuuden valvontayksikk\u00f6<br>PL 320<br>00059 TRAFICOM<br><a target=\"_blank\" href=\"https:\/\/www.saavutettavuusvaatimukset.fi\/\" rel=\"noreferrer noopener\">www.saavutettavuusvaatimukset.fi<\/a><br>saavutettavuus(at)traficom.fi<br>Puhelinnumero vaihde: 029 534 5000<\/p>\n","protected":false},"excerpt":{"rendered":"<p>Tervetuloa, t\u00e4m\u00e4 on organisaation Auta Lasta ry:n J\u00e4rjest\u00f6varikko-toiminnan saavutettavuusseloste T\u00e4m\u00e4 saavutettavuusseloste koskee palvelua www.jarjestovarikko.fi ja on laadittu \/ p\u00e4ivitetty 01.12.2025. Palvelua koskee laki digitaalisten palvelujen tarjoamisesta, jossa edellytet\u00e4\u00e4n, ett\u00e4 julkisten verkkopalvelujen on oltava saavutettavia. Olemme arvioineet palvelun saavutettavuuden itse Digipalvelun saavutettavuuden tila T\u00e4ytt\u00e4\u00e4 saavutettavuusvaatimukset osittain. Ei-saavutettava sis\u00e4lt\u00f6 4. Verkkosivusto ei ole viel\u00e4 kaikilta osin vaatimusten&hellip; <a class=\"more-link\" href=\"https:\/\/jarjestovarikko.fi\/?page_id=414\">Jatka lukemista <span class=\"screen-reader-text\">Saavutettavuusseloste<\/span><\/a><\/p>\n","protected":false},"author":1,"featured_media":0,"parent":0,"menu_order":0,"comment_status":"closed","ping_status":"closed","template":"","meta":{"footnotes":""},"class_list":["post-414","page","type-page","status-publish","hentry","entry"],"_links":{"self":[{"href":"https:\/\/jarjestovarikko.fi\/index.php?rest_route=\/wp\/v2\/pages\/414","targetHints":{"allow":["GET"]}}],"collection":[{"href":"https:\/\/jarjestovarikko.fi\/index.php?rest_route=\/wp\/v2\/pages"}],"about":[{"href":"https:\/\/jarjestovarikko.fi\/index.php?rest_route=\/wp\/v2\/types\/page"}],"author":[{"embeddable":true,"href":"https:\/\/jarjestovarikko.fi\/index.php?rest_route=\/wp\/v2\/users\/1"}],"replies":[{"embeddable":true,"href":"https:\/\/jarjestovarikko.fi\/index.php?rest_route=%2Fwp%2Fv2%2Fcomments&post=414"}],"version-history":[{"count":3,"href":"https:\/\/jarjestovarikko.fi\/index.php?rest_route=\/wp\/v2\/pages\/414\/revisions"}],"predecessor-version":[{"id":930,"href":"https:\/\/jarjestovarikko.fi\/index.php?rest_route=\/wp\/v2\/pages\/414\/revisions\/930"}],"wp:attachment":[{"href":"https:\/\/jarjestovarikko.fi\/index.php?rest_route=%2Fwp%2Fv2%2Fmedia&parent=414"}],"curies":[{"name":"wp","href":"https:\/\/api.w.org\/{rel}","templated":true}]}}